{"id":53,"date":"2014-05-26T13:17:18","date_gmt":"2014-05-26T13:17:18","guid":{"rendered":"http:\/\/www.federationifir.com\/en\/?page_id=53"},"modified":"2017-05-05T13:13:20","modified_gmt":"2017-05-05T13:13:20","slug":"refugees-news","status":"publish","type":"page","link":"https:\/\/www.federationifir.com\/en\/refugees-news\/","title":{"rendered":"Refugees News"},"content":{"rendered":"<p>\u2022<span style=\"color: #000000;\"><a style=\"color: #000000;\" href=\"http:\/\/www.middleeasteye.net\/news\/iraqi-mps-sign-resolution-block-deportation-iraqi-nationals-241417393\">\u00a0Iraqi MPs call on Baghdad to block forced returns of Iraqi refugees<\/a><\/span><\/p>\n<p><span style=\"color: #000000;\"><a style=\"color: #000000;\" href=\"http:\/\/www.irinnews.org\/report\/98180\/amid-syrian-crisis-iraqi-refugees-in-jordan-forgotten\" target=\"_blank\" rel=\"noopener noreferrer\">\u2022<\/a><a style=\"color: #000000;\" href=\"http:\/\/www.dw.com\/en\/balkan-leaders-urge-action-by-eu\/a-18677703\" target=\"_blank\" rel=\"noopener noreferrer\">Balkan leaders urge action by EU<\/a><\/span><\/p>\n<p><a style=\"color: #000000;\" href=\"http:\/\/www.irinnews.org\/report\/98180\/amid-syrian-crisis-iraqi-refugees-in-jordan-forgotten\" target=\"_blank\" rel=\"noopener noreferrer\"><span style=\"color: #333333;\">\u2022<\/span><\/a><span style=\"color: #000000;\"><a style=\"color: #000000;\" href=\"http:\/\/www.dw.com\/en\/de-maiziere-germany-to-receive-up-to-800000-refugees\/a-18658409\" target=\"_blank\" rel=\"noopener noreferrer\">De Maiziere: Germany to receive up to 800,000 refugees<\/a><\/span><\/p>\n<p><span lang=\"ar-iq\" style=\"color: #333333;\"><span style=\"font-family: 'Unikurd Web'; font-size: small;\"><a style=\"color: #000000;\" href=\"http:\/\/www.irinnews.org\/report\/98180\/amid-syrian-crisis-iraqi-refugees-in-jordan-forgotten\" target=\"_blank\" rel=\"noopener noreferrer\"><span style=\"color: #333333;\">\u2022<\/span><\/a><\/span><\/span><span style=\"color: #000000;\"><a style=\"color: #000000;\" href=\"http:\/\/www.dw.com\/en\/german-politicians-vow-decisive-action-following-heidenau-clashes\/a-18667534\" target=\"_blank\" rel=\"noopener noreferrer\">German politicians vow decisive action following Heidenau clashes<\/a><\/span><\/p>\n<h3 dir=\"ltr\" style=\"color: #000000;\" align=\"justify\"><span lang=\"ar-iq\" style=\"color: #333333;\"><span style=\"font-family: 'Unikurd Web'; font-size: small;\"><a style=\"color: #000000;\" href=\"http:\/\/www.irinnews.org\/report\/98180\/amid-syrian-crisis-iraqi-refugees-in-jordan-forgotten\" target=\"_blank\" rel=\"noopener noreferrer\"><span style=\"color: #333333;\">\u2022Amid Syrian crisis, Iraqi refugees in Jordan forgotten<\/span><\/a><\/span><\/span><\/h3>\n<h3 dir=\"ltr\" style=\"color: #000000;\" align=\"justify\"><span lang=\"de-ch\" style=\"color: #333333;\"><span style=\"font-family: 'Unikurd Web'; font-size: small;\"><a style=\"color: #000000;\" href=\"http:\/\/www.dailymail.co.uk\/news\/article-2199182\/Syrian-refugee-boat-horror-58-migrants-die-smugglers-vessel-sinks-Turkish-coast.html?ito=feeds-newsxml\" target=\"_blank\" rel=\"noopener noreferrer\"><span style=\"color: #333333;\">\u2022Drowned trying to flee Assad the tyrant: Little girl among 58 dead refugees after boat sinks off the Turkish coast<\/span><\/a><\/span><\/span><\/h3>\n<h3 dir=\"ltr\" style=\"color: #000000;\" align=\"justify\"><span lang=\"de-ch\" style=\"color: #333333;\"><span style=\"font-family: 'Unikurd Web'; font-size: small;\"><a style=\"color: #000000;\" href=\"http:\/\/www.washingtonpost.com\/world\/middle_east\/report-at-least-20-illegal-immigrants-drown-when-their-boat-sinks-off-turkish-coast\/2012\/09\/06\/7b55bb80-f7fe-11e1-a93b-7185e3f88849_story.html\" target=\"_blank\" rel=\"noopener noreferrer\"><span style=\"color: #333333;\">\u2022Reports: Death toll in refugee boat sinking off western Turkish coast rises to 58<\/span><\/a><\/span><\/span><\/h3>\n<h3 dir=\"ltr\" style=\"color: #000000;\" align=\"justify\"><span lang=\"de-ch\" style=\"color: #333333;\"><span style=\"font-family: 'Unikurd Web'; font-size: small;\"><a style=\"color: #000000;\" href=\"http:\/\/www.guardian.co.uk\/uk\/2012\/jul\/02\/iraqis-life-of-fear-detention-centre\" target=\"_blank\" rel=\"noopener noreferrer\"><span style=\"color: #333333;\">\u2022If he is sent back to Iraq, he will be killed&#8217;<\/span><\/a><\/span><\/span><\/h3>\n<h3 dir=\"ltr\" style=\"color: #000000;\" align=\"justify\"><span lang=\"de-ch\" style=\"color: #333333;\"><span style=\"font-family: 'Unikurd Web'; font-size: small;\"><a style=\"color: #000000;\" href=\"http:\/\/www.guardian.co.uk\/world\/2012\/jul\/02\/iraq-parliament-deported-nationals-europe\" target=\"_blank\" rel=\"noopener noreferrer\"><span style=\"color: #333333;\">\u2022Iraqi parliament refuses to accept nationals deported from Europe<\/span><\/a><\/span><\/span><\/h3>\n<h3 dir=\"ltr\" style=\"color: #000000;\" align=\"justify\"><span lang=\"de-ch\" style=\"color: #333333;\"><span style=\"font-family: 'Unikurd Web'; font-size: small;\"><a style=\"color: #000000;\" href=\"http:\/\/bazonline.ch\/schweiz\/standard\/Asylbewerber-Wer-freiwillig-geht-erhaelt-bis-zu-3000-Franken\/story\/11387595\" target=\"_blank\" rel=\"noopener noreferrer\"><span style=\"color: #333333;\">\u2022Nothilfesystem l\u00e4sst abgewiesene Asylsuchende untertauchen<\/span><\/a><\/span><\/span><\/h3>\n<h3 dir=\"ltr\" style=\"color: #000000;\" align=\"justify\"><span lang=\"de-ch\" style=\"color: #333333;\"><span style=\"font-family: 'Unikurd Web'; font-size: small;\"><a style=\"color: #000000;\" href=\"http:\/\/bazonline.ch\/schweiz\/standard\/Asylbewerber-Wer-freiwillig-geht-erhaelt-bis-zu-3000-Franken\/story\/11387595\" target=\"_blank\" rel=\"noopener noreferrer\"><span style=\"color: #333333;\">\u2022Asylbewerber: Wer freiwillig geht, erh\u00e4lt bis zu 3000 Franken<\/span><\/a><\/span><\/span><\/h3>\n<h3 dir=\"ltr\" style=\"color: #000000;\" align=\"justify\"><span lang=\"de-ch\" style=\"color: #333333;\"><span style=\"font-family: 'Unikurd Web'; font-size: small;\"><a style=\"color: #000000;\" href=\"http:\/\/www.redpepper.org.uk\/uprising-in-iraqi-kurdistan\/\" target=\"_blank\" rel=\"noopener noreferrer\"><span style=\"color: #333333;\">\u2022Uprising in Iraqi Kurdistan<\/span><\/a><\/span><\/span><\/h3>\n<h3 dir=\"ltr\" style=\"color: #000000;\" align=\"justify\"><span lang=\"de-ch\" style=\"color: #333333;\"><span style=\"font-family: 'Unikurd Web'; font-size: small;\"><a style=\"color: #000000;\" href=\"http:\/\/www.guardian.co.uk\/uk\/2011\/mar\/09\/deportation-flights-iraq-resume\" target=\"_blank\" rel=\"noopener noreferrer\"><span style=\"color: #333333;\">\u2022Deportation flights to Iraq resume despite UN warning<\/span><\/a><\/span><\/span><\/h3>\n<h3 dir=\"ltr\" style=\"color: #000000;\" align=\"justify\"><span lang=\"de-ch\" style=\"color: #333333;\"><span style=\"font-family: 'Unikurd Web'; font-size: small;\"><a style=\"color: #000000;\" href=\"http:\/\/www.demotix.com\/news\/595355\/kurdish-protesters-demonstrate-kdp-attacks?destination=search\/context\/query\/kurdish\/sort\/relevance\" target=\"_blank\" rel=\"noopener noreferrer\"><span style=\"color: #333333;\">\u2022Kurdish Protesters demonstrate KDP Attacks<\/span><\/a><\/span><\/span><\/h3>\n<h3 dir=\"ltr\" style=\"color: #000000;\" align=\"justify\"><span lang=\"de-ch\" style=\"color: #333333;\"><span style=\"font-family: 'Unikurd Web'; font-size: small;\"><a style=\"color: #000000;\" href=\"http:\/\/www.morningstaronline.co.uk\/index.php\/news\/content\/view\/full\/101398\" target=\"_blank\" rel=\"noopener noreferrer\"><span style=\"color: #333333;\">\u2022Kurds take fight to London embassy<\/span><\/a><\/span><\/span><\/h3>\n<h3 dir=\"ltr\" style=\"color: #000000;\" align=\"justify\"><span lang=\"de-ch\" style=\"color: #333333;\"><span style=\"font-family: 'Unikurd Web'; font-size: small;\"><a style=\"color: #000000;\" href=\"http:\/\/uk.krg.org\/index.aspx?lngnr=12&amp;smap=000000\" target=\"_blank\" rel=\"noopener noreferrer\"><span style=\"color: #333333;\">\u2022KRG UK Representation statement on demonstration in London<\/span><\/a><\/span><\/span><\/h3>\n<h3 dir=\"ltr\" style=\"color: #000000;\" align=\"justify\"><span lang=\"de-ch\" style=\"color: #333333;\"><span style=\"font-family: 'Unikurd Web'; font-size: small;\"><a style=\"color: #000000;\" href=\"http:\/\/www.guardian.co.uk\/uk\/2010\/nov\/21\/iranian-deported-baghdad-torture-allegations\" target=\"_blank\" rel=\"noopener noreferrer\"><span style=\"color: #333333;\">\u2022Iranian wrongly deported to Baghdad claims he was tortured<\/span><\/a><\/span><\/span><\/h3>\n<h3 dir=\"ltr\" style=\"color: #000000;\" align=\"justify\"><span lang=\"de-ch\" style=\"color: #333333;\"><span style=\"font-family: 'Unikurd Web'; font-size: small;\"><a style=\"color: #000000;\" href=\"http:\/\/www.irr.org.uk\/2010\/october\/ha000005.html\" target=\"_blank\" rel=\"noopener noreferrer\"><span style=\"color: #333333;\">\u2022Stop deportations to Baghdad<\/span><\/a><\/span><\/span><\/h3>\n<h3 dir=\"ltr\" style=\"color: #000000;\" align=\"justify\"><span lang=\"de-ch\" style=\"color: #333333;\"><span style=\"font-family: 'Unikurd Web'; font-size: small;\"><a style=\"color: #000000;\" href=\"http:\/\/www.irinnews.org\/Report.aspx?ReportID=90616\" target=\"_blank\" rel=\"noopener noreferrer\"><span style=\"color: #333333;\">\u2022REFUGEES: UNHCR concerned over Iraqi deportations<\/span><\/a><\/span><\/span><\/h3>\n<h3 dir=\"ltr\" style=\"color: #000000;\" align=\"justify\"><span lang=\"de-ch\" style=\"color: #333333;\"><span style=\"font-family: 'Unikurd Web'; font-size: small;\">\u2022<a style=\"color: #000000;\" href=\"http:\/\/noticias.uol.com.br\/ultimas-noticias\/internacional\/2010\/09\/12\/apos-fim-da-invasao-dos-eua-refugiados-veem-iraque-destruido-e-temem-voltar-ao-pais.jhtm\" target=\"_blank\" rel=\"noopener noreferrer\"><span style=\"color: #333333;\">Ap\u00f3s fim da invas\u00e3o dos EUA, refugiados veem Iraque destru\u00eddo e temem voltar ao pa\u00eds<\/span><\/a><\/span><\/span><\/h3>\n<h3 dir=\"ltr\" style=\"color: #000000;\" align=\"justify\"><span lang=\"de-ch\" style=\"color: #333333;\"><span style=\"font-family: 'Unikurd Web'; font-size: small;\"><a style=\"color: #000000;\" href=\"http:\/\/www.bbc.co.uk\/news\/uk-11252008\" target=\"_blank\" rel=\"noopener noreferrer\"><span style=\"color: #333333;\">\u2022Fresh claims of Iraqi deportation &#8216;beatings&#8217;<\/span><\/a><\/span><\/span><\/h3>\n<h3 dir=\"ltr\" style=\"color: #000000;\" align=\"justify\"><span lang=\"de-ch\" style=\"color: #333333;\"><span style=\"font-family: 'Unikurd Web'; font-size: small;\">\u2022<a style=\"color: #000000;\" href=\"http:\/\/www.guardian.co.uk\/uk\/2010\/sep\/09\/deported-iraqi-asylum-seekers-beaten-plane-allegations\" target=\"_blank\" rel=\"noopener noreferrer\"><span style=\"color: #333333;\">Deported Iraqi asylum seekers say they were beaten and forced off plane<\/span><\/a><\/span><\/span><\/h3>\n<h3 dir=\"ltr\" style=\"color: #000000;\" align=\"justify\"><span lang=\"de-ch\" style=\"color: #333333;\"><span style=\"font-family: 'Unikurd Web'; font-size: small;\"><a style=\"color: #000000;\" href=\"http:\/\/www.nytimes.com\/2010\/09\/04\/world\/middleeast\/04briefs-DEPORT.html?_r=1\" target=\"_blank\" rel=\"noopener noreferrer\"><span style=\"color: #333333;\">\u2022Iraq: U.N. Asks Europe to Halt Deportations<\/span><\/a><\/span><\/span><\/h3>\n<h3 dir=\"ltr\" style=\"color: #000000;\" align=\"justify\"><span lang=\"de-ch\" style=\"color: #333333;\"><span style=\"font-family: 'Unikurd Web'; font-size: small;\"><a style=\"color: #000000;\" href=\"http:\/\/www.independent.co.uk\/news\/uk\/crime\/asylumseekers-arrested-following-daring-escape-2070095.html\" target=\"_blank\" rel=\"noopener noreferrer\"><span style=\"color: #333333;\">\u2022Asylum-seekers arrested following daring escape<\/span><\/a><\/span><\/span><\/h3>\n<h3 dir=\"ltr\" style=\"color: #000000;\" align=\"justify\"><span lang=\"de-ch\" style=\"color: #333333;\"><span style=\"font-family: 'Unikurd Web'; font-size: small;\">\u2022<a style=\"color: #000000;\" href=\"http:\/\/www.bbc.co.uk\/news\/uk-11139388\" target=\"_blank\" rel=\"noopener noreferrer\"><span style=\"color: #333333;\">Iraqi asylum seekers &#8216;to be forcibly deported&#8217;<\/span><\/a><\/span><\/span><\/h3>\n<h3 dir=\"ltr\" style=\"color: #000000;\" align=\"justify\"><span style=\"color: #333333;\"><span lang=\"de-ch\"><a style=\"color: #000000;\" href=\"http:\/\/www.guardian.co.uk\/world\/2010\/aug\/01\/asylum-seeker-osman-rasul-death-legal-aid\" target=\"_blank\" rel=\"noopener noreferrer\"><span style=\"font-family: 'Unikurd Web'; font-size: small; color: #333333;\">\u2022<\/span><\/a><\/span><a style=\"color: #000000;\" href=\"http:\/\/www.guardian.co.uk\/world\/2010\/aug\/01\/asylum-seeker-osman-rasul-death-legal-aid\" target=\"_blank\" rel=\"noopener noreferrer\"><span style=\"font-family: 'Unikurd Web'; font-size: small; color: #333333;\">Asylum seeker takes his own life after losing legal aid<\/span><\/a><\/span><\/h3>\n<h3 dir=\"ltr\" style=\"color: #000000;\" align=\"justify\"><span lang=\"ar-iq\" style=\"color: #333333;\"><span style=\"font-family: 'Unikurd Web'; font-size: small;\"><a style=\"color: #000000;\" href=\"http:\/\/www.independent.co.uk\/news\/uk\/home-news\/abused-humiliated-and-abandoned-what-really-happens-when-the-uk-deports-failed-asylumseekers-2018387.html\" target=\"_blank\" rel=\"noopener noreferrer\"><span style=\"color: #333333;\">\u2022Abused, humiliated and abandoned. What really happens when the UK deports failed asylum-seekers<\/span><\/a><\/span><\/span><\/h3>\n<h3 dir=\"ltr\" style=\"color: #000000;\" align=\"justify\"><span style=\"font-family: 'Unikurd Web'; font-size: small; color: #333333;\"><a style=\"color: #000000;\" href=\"file:\/\/\/Users\/sarwat\/Desktop\/public_html\/english\/En.file\/Iraqi%20asylum%20seekers%20claim%20they%20were%20beaten%20on%20flight%20to%20Baghdad[1].pdf\" target=\"_blank\" rel=\"noopener noreferrer\"><span style=\"color: #333333;\">\u2022Iraqi asylum seekers claim they were beaten on flight to Baghdad<\/span><\/a><\/span><\/h3>\n<h3 dir=\"ltr\" style=\"color: #000000;\" align=\"justify\"><span style=\"font-family: 'Unikurd Web'; font-size: small; color: #333333;\"><a style=\"color: #000000;\" href=\"file:\/\/\/Users\/sarwat\/Desktop\/public_html\/english\/En.file\/Iraqi%20asylum%20seekers%20claim%20they%20were%20beaten%20on%20flight%20to%20Baghdad[1].pdf\" target=\"_blank\" rel=\"noopener noreferrer\"><span style=\"color: #333333;\">\u2022Iraqi asylum seekers face grave risk if sent back home, warns UN<\/span><\/a><\/span><\/h3>\n<h3 dir=\"ltr\" style=\"color: #000000;\" align=\"justify\"><span style=\"font-family: 'Unikurd Web'; color: #333333;\">\u2022<a style=\"color: #000000;\" href=\"http:\/\/www.guardian.co.uk\/world\/2010\/jun\/16\/iraqi-asylum-risk-deported-unhcr\" target=\"_blank\" rel=\"noopener noreferrer\"><span style=\"font-size: small; color: #333333;\">Iraqi asylum seekers face grave risk if sent back home, warns UN<\/span><\/a><\/span><\/h3>\n<h3 dir=\"ltr\" style=\"color: #000000;\" align=\"justify\"><span style=\"font-family: 'Unikurd Web'; color: #333333;\">\u2022<a style=\"color: #000000;\" href=\"http:\/\/www.guardian.co.uk\/uk\/2010\/jun\/03\/iraq-asylum-seekers-forced-deportation\" target=\"_blank\" rel=\"noopener noreferrer\"><span style=\"font-size: small; color: #333333;\">Failed Iraq asylum seekers screened for forced deportation<\/span><\/a><\/span><\/h3>\n","protected":false},"excerpt":{"rendered":"<p>\u2022\u00a0Iraqi MPs call on Baghdad to block forced returns of Iraqi refugees \u2022Balkan leaders urge action by EU \u2022De Maiziere: Germany to receive up to 800,000 refugees \u2022German politicians vow decisive action following Heidenau clashes \u2022Amid Syrian crisis, Iraqi refugees in Jordan forgotten \u2022Drowned trying to flee Assad the tyrant: Little girl among 58 dead &hellip;<\/p>\n","protected":false},"author":1,"featured_media":0,"parent":0,"menu_order":0,"comment_status":"open","ping_status":"open","template":"","meta":{"footnotes":""},"class_list":["post-53","page","type-page","status-publish",""],"_links":{"self":[{"href":"https:\/\/www.federationifir.com\/en\/wp-json\/wp\/v2\/pages\/53","targetHints":{"allow":["GET"]}}],"collection":[{"href":"https:\/\/www.federationifir.com\/en\/wp-json\/wp\/v2\/pages"}],"about":[{"href":"https:\/\/www.federationifir.com\/en\/wp-json\/wp\/v2\/types\/page"}],"author":[{"embeddable":true,"href":"https:\/\/www.federationifir.com\/en\/wp-json\/wp\/v2\/users\/1"}],"replies":[{"embeddable":true,"href":"https:\/\/www.federationifir.com\/en\/wp-json\/wp\/v2\/comments?post=53"}],"version-history":[{"count":0,"href":"https:\/\/www.federationifir.com\/en\/wp-json\/wp\/v2\/pages\/53\/revisions"}],"wp:attachment":[{"href":"https:\/\/www.federationifir.com\/en\/wp-json\/wp\/v2\/media?parent=53"}],"curies":[{"name":"wp","href":"https:\/\/api.w.org\/{rel}","templated":true}]}}